{"id":17805,"date":"2025-10-22T15:32:57","date_gmt":"2025-10-22T15:32:57","guid":{"rendered":"https:\/\/www.inalog.org.uy\/?page_id=17805"},"modified":"2025-12-15T22:07:10","modified_gmt":"2025-12-15T22:07:10","slug":"team","status":"publish","type":"page","link":"https:\/\/www.inalog.org.uy\/en\/team\/","title":{"rendered":"Team"},"content":{"rendered":"<div id=\"fws_69e33eefc5b4a\"  data-column-margin=\"default\" data-midnight=\"light\" data-top-percent=\"5%\" data-bottom-percent=\"5%\"  class=\"wpb_row vc_row-fluid vc_row full-width-section\"  style=\"padding-top: calc(100vw * 0.05); padding-bottom: calc(100vw * 0.05); \"><div class=\"row-bg-wrap\" data-bg-animation=\"none\" data-bg-animation-delay=\"\" data-bg-overlay=\"false\"><div class=\"inner-wrap row-bg-layer\" ><div class=\"row-bg viewport-desktop\"  style=\"\"><\/div><\/div><\/div><div class=\"row_col_wrap_12 col span_12 light left\">\n\t<div  class=\"vc_col-sm-12 wpb_column column_container vc_column_container col centered-text no-extra-padding inherit_tablet inherit_phone\"  data-padding-pos=\"all\" data-has-bg-color=\"false\" data-bg-color=\"\" data-bg-opacity=\"1\" data-animation=\"\" data-delay=\"0\" >\n\t\t<div class=\"vc_column-inner\" >\n\t\t\t<div class=\"wpb_wrapper\">\n\t\t\t\t<div class=\"nectar-responsive-text font_size_desktop_1-3vw font_line_height_1-3wv nectar-link-underline-effect\" style=\"color: #000000;\" data-inherit-heading-family=\"h2\"><p>COMPOSITION OF THE TEAM<\/p>\n<\/div>\n\t\t\t<\/div> \n\t\t<\/div>\n\t<\/div> \n<\/div><\/div>\n\t\t<div id=\"fws_69e33eefc712c\"  data-column-margin=\"default\" data-midnight=\"dark\" data-top-percent=\"0%\" data-bottom-percent=\"7%\"  class=\"wpb_row vc_row-fluid vc_row\"  style=\"padding-top: calc(100vw * 0.00); padding-bottom: calc(100vw * 0.07); \"><div class=\"row-bg-wrap\" data-bg-animation=\"none\" data-bg-animation-delay=\"\" data-bg-overlay=\"false\"><div class=\"inner-wrap row-bg-layer\" ><div class=\"row-bg viewport-desktop\"  style=\"\"><\/div><\/div><\/div><div class=\"row_col_wrap_12 col span_12 dark left\">\n\t<div  class=\"vc_col-sm-12 wpb_column column_container vc_column_container col no-extra-padding inherit_tablet inherit_phone\"  data-padding-pos=\"all\" data-has-bg-color=\"false\" data-bg-color=\"\" data-bg-opacity=\"1\" data-animation=\"\" data-delay=\"0\" >\n\t\t<div class=\"vc_column-inner\" >\n\t\t\t<div class=\"wpb_wrapper\">\n\t\t\t\t<div id=\"fws_69e33eefc7caa\" data-midnight=\"\" data-column-margin=\"default\" class=\"wpb_row vc_row-fluid vc_row inner_row\"  style=\"\"><div class=\"row-bg-wrap\"> <div class=\"row-bg\" ><\/div> <\/div><div class=\"row_col_wrap_12_inner col span_12  left\">\n\t<div  class=\"vc_col-sm-3 wpb_column column_container vc_column_container col child_column has-animation no-extra-padding inherit_tablet inherit_phone\"   data-padding-pos=\"all\" data-has-bg-color=\"false\" data-bg-color=\"\" data-bg-opacity=\"1\" data-animation=\"grow-in\" data-delay=\"0\" >\n\t\t<div class=\"vc_column-inner\" >\n\t\t<div class=\"wpb_wrapper\">\n\t\t\t<div class=\"team-member\" role=\"button\" tabindex=\"0\" data-style=\"bio_fullscreen\"><div class=\"team-member-image\"><div class=\"team-member-image-inner\"><img loading=\"lazy\" decoding=\"async\" src=\"https:\/\/www.inalog.org.uy\/wp-content\/uploads\/2025\/08\/2f5f4f74-02ba-4120-8e96-f1cf63300efa-500x500.png\" width=\"500\" height=\"500\" alt=\"\" \/><\/div><\/div><div class=\"team-member-overlay\"><\/div>\n    <div class=\"team-meta\"><h3>LIC. EMILIO RIVERO<\/h3><p>General manager<\/p><div class=\"arrow-end fa fa-angle-right\"><\/div><div class=\"arrow-line\"><\/div><\/div>\n    <div class=\"nectar_team_bio_img\" data-img-src=\"https:\/\/www.inalog.org.uy\/wp-content\/uploads\/2025\/08\/2f5f4f74-02ba-4120-8e96-f1cf63300efa-scaled.png\"><\/div>\n    <div class=\"nectar_team_bio\">Emilio has a Degree on International Studies graduated from the Faculty of Social Sciences of Universidad ORT Uruguay.<\/p>\n<p>He previously worked as Head of International Relations since 2014. Addiotionally he worked in multinational companies, serving in the areas of negotiation, customer care and planning as well as in international trade.<\/p>\n<p>Since 2005 he is a professor and member of the Chair of International Trade at Universidad ORT Uruguay.<\/p>\n<p>Email:emilio.rivero@inalog.org.uy<div class=\"bottom_meta\"><\/div><\/div>\n    <\/div>\n\t\t<\/div> \n\t<\/div>\n\t<\/div> \n\n\t<div  class=\"vc_col-sm-3 wpb_column column_container vc_column_container col child_column has-animation no-extra-padding inherit_tablet inherit_phone\"   data-padding-pos=\"all\" data-has-bg-color=\"false\" data-bg-color=\"\" data-bg-opacity=\"1\" data-animation=\"grow-in\" data-delay=\"0\" >\n\t\t<div class=\"vc_column-inner\" >\n\t\t<div class=\"wpb_wrapper\">\n\t\t\t<div class=\"team-member\" role=\"button\" tabindex=\"0\" data-style=\"bio_fullscreen\"><div class=\"team-member-image\"><div class=\"team-member-image-inner\"><img loading=\"lazy\" decoding=\"async\" src=\"https:\/\/www.inalog.org.uy\/wp-content\/uploads\/2025\/08\/1dee4cee-a2d1-49c0-bb43-f8a578a362eduuu-500x500.jpg\" width=\"500\" height=\"500\" alt=\"\" \/><\/div><\/div><div class=\"team-member-overlay\"><\/div>\n    <div class=\"team-meta\"><h3>TEC. CECILIA MORA<\/h3><p>General Management Assistant<\/p><div class=\"arrow-end fa fa-angle-right\"><\/div><div class=\"arrow-line\"><\/div><\/div>\n    <div class=\"nectar_team_bio_img\" data-img-src=\"https:\/\/www.inalog.org.uy\/wp-content\/uploads\/2025\/08\/1dee4cee-a2d1-49c0-bb43-f8a578a362eduuu-scaled.jpg\"><\/div>\n    <div class=\"nectar_team_bio\"><p class=\"staff-member-bio\">Assistant to General Management of the National Institute for Logistics since March 2014.<\/p>\n<p>She previously worked in private companies in industry, banking, financial activity, acting as management assistant.<\/p>\n<p>Email:<a class=\"staff-member-email\" title=\"Email TEC. CECILIA MORA\" href=\"mailto:cecilia.mora@inalog.org.uy\">cecilia.mora@inalog.org.uy<\/a><\/p>\n<div class=\"bottom_meta\"><\/div><\/div>\n    <\/div>\n\t\t<\/div> \n\t<\/div>\n\t<\/div> \n\n\t<div  class=\"vc_col-sm-3 wpb_column column_container vc_column_container col child_column has-animation no-extra-padding inherit_tablet inherit_phone\"   data-padding-pos=\"all\" data-has-bg-color=\"false\" data-bg-color=\"\" data-bg-opacity=\"1\" data-animation=\"grow-in\" data-delay=\"0\" >\n\t\t<div class=\"vc_column-inner\" >\n\t\t<div class=\"wpb_wrapper\">\n\t\t\t<div class=\"team-member\" role=\"button\" tabindex=\"0\" data-style=\"bio_fullscreen\"><div class=\"team-member-image\"><div class=\"team-member-image-inner\"><img loading=\"lazy\" decoding=\"async\" src=\"https:\/\/www.inalog.org.uy\/wp-content\/uploads\/2025\/11\/519223b2-9a23-48c9-8797-1a48eb896735-1-500x500.png\" width=\"500\" height=\"500\" alt=\"\" \/><\/div><\/div><div class=\"team-member-overlay\"><\/div>\n    <div class=\"team-meta\"><h3>DRA. TATIANA ACOSTA<\/h3><p>International Relations and Training Analyst<\/p><div class=\"arrow-end fa fa-angle-right\"><\/div><div class=\"arrow-line\"><\/div><\/div>\n    <div class=\"nectar_team_bio_img\" data-img-src=\"https:\/\/www.inalog.org.uy\/wp-content\/uploads\/2025\/11\/519223b2-9a23-48c9-8797-1a48eb896735-1.png\"><\/div>\n    <div class=\"nectar_team_bio\"><p class=\"staff-member-bio\">Tatiana\u00a0is Doctor in\u00a0Law\u00a0and Social Sciences\u00a0graduated from\u00a0Universidad de la Rep\u00fablica (UDELAR).<\/p>\n<p class=\"staff-member-bio\">She previously worked as Assistant since January 2018.<\/p>\n<p>Email:<a href=\"mailto:tatiana.acosta@inalog.org.uy\">tatiana.acosta@inalog.org.uy<\/a><\/p>\n<div class=\"bottom_meta\"><\/div><\/div>\n    <\/div>\n\t\t<\/div> \n\t<\/div>\n\t<\/div> \n\n\t<div  class=\"vc_col-sm-3 wpb_column column_container vc_column_container col child_column has-animation no-extra-padding inherit_tablet inherit_phone\"   data-padding-pos=\"all\" data-has-bg-color=\"false\" data-bg-color=\"\" data-bg-opacity=\"1\" data-animation=\"grow-in\" data-delay=\"0\" >\n\t\t<div class=\"vc_column-inner\" >\n\t\t<div class=\"wpb_wrapper\">\n\t\t\t<div class=\"team-member\" role=\"button\" tabindex=\"0\" data-style=\"bio_fullscreen\"><div class=\"team-member-image\"><div class=\"team-member-image-inner\"><img loading=\"lazy\" decoding=\"async\" src=\"https:\/\/www.inalog.org.uy\/wp-content\/uploads\/2025\/08\/d408e591-25cd-4fbd-924f-bb3bca474570ggg-500x500.jpg\" width=\"500\" height=\"500\" alt=\"\" \/><\/div><\/div><div class=\"team-member-overlay\"><\/div>\n    <div class=\"team-meta\"><h3>CR. GUZM\u00c1N BANIZI<\/h3><p>Head of Administration and Finance<\/p><div class=\"arrow-end fa fa-angle-right\"><\/div><div class=\"arrow-line\"><\/div><\/div>\n    <div class=\"nectar_team_bio_img\" data-img-src=\"https:\/\/www.inalog.org.uy\/wp-content\/uploads\/2025\/08\/d408e591-25cd-4fbd-924f-bb3bca474570ggg-scaled.jpg\"><\/div>\n    <div class=\"nectar_team_bio\"><p class=\"staff-member-bio\">Guzm\u00e1n is a Certified Public Accountant, graduated from\u00a0Universidad de la Rep\u00fablica\u00a0(UDELAR).<\/p>\n<p>His earlier jobs include a para-governmental agency and an international consultancy agency, where he worked in the auditing areas, integrated accounting, finances, human resources and quality management systems.<\/p>\n<p>Email:<a class=\"staff-member-email\" title=\"Email CR. GUZM\u00c1N BANIZI\" href=\"mailto:guzman.banizi@inalog.org.uy\">guzman.banizi@inalog.org.uy<\/a><\/p>\n<div class=\"bottom_meta\"><\/div><\/div>\n    <\/div>\n\t\t<\/div> \n\t<\/div>\n\t<\/div> \n<\/div><\/div><div id=\"fws_69e33eefcacb7\" data-midnight=\"\" data-column-margin=\"default\" class=\"wpb_row vc_row-fluid vc_row inner_row\"  style=\"\"><div class=\"row-bg-wrap\"> <div class=\"row-bg\" ><\/div> <\/div><div class=\"row_col_wrap_12_inner col span_12  left\">\n\t<div  class=\"vc_col-sm-3 wpb_column column_container vc_column_container col child_column has-animation no-extra-padding inherit_tablet inherit_phone\"   data-padding-pos=\"all\" data-has-bg-color=\"false\" data-bg-color=\"\" data-bg-opacity=\"1\" data-animation=\"grow-in\" data-delay=\"0\" >\n\t\t<div class=\"vc_column-inner\" >\n\t\t<div class=\"wpb_wrapper\">\n\t\t\t<div class=\"team-member\" role=\"button\" tabindex=\"0\" data-style=\"bio_fullscreen\"><div class=\"team-member-image\"><div class=\"team-member-image-inner\"><img loading=\"lazy\" decoding=\"async\" src=\"https:\/\/www.inalog.org.uy\/wp-content\/uploads\/2025\/08\/d7cc443f-b9a7-40b5-879c-41e80828cd1f-500x500.jpg\" width=\"500\" height=\"500\" alt=\"\" \/><\/div><\/div><div class=\"team-member-overlay\"><\/div>\n    <div class=\"team-meta\"><h3>DRA. ESC. MAR\u00cdA IN\u00c9S FERRARI<\/h3><p>Head of Legal Affairs<\/p><div class=\"arrow-end fa fa-angle-right\"><\/div><div class=\"arrow-line\"><\/div><\/div>\n    <div class=\"nectar_team_bio_img\" data-img-src=\"https:\/\/www.inalog.org.uy\/wp-content\/uploads\/2025\/08\/d7cc443f-b9a7-40b5-879c-41e80828cd1f-scaled.jpg\"><\/div>\n    <div class=\"nectar_team_bio\"><p class=\"staff-member-bio\">Mar\u00eda In\u00e9s is Doctor in Law and Social Sciences and Notary Public graduated from Universidad de la Rep\u00fablica\u00a0(UDELAR).<\/p>\n<p>At previous Jobs she worked in Law Firms, specifically in the assessment of companies, specializing in the corporate and contractual area.<\/p>\n<p>Email:<a class=\"staff-member-email\" title=\"Email DRA. MAR\u00cdA IN\u00c9S FERRARI\" href=\"mailto:mariaines.ferrari@inalog.org.uy\">mariaines.ferrari@inalog.org.uy<\/a><\/p>\n<div class=\"bottom_meta\"><\/div><\/div>\n    <\/div>\n\t\t<\/div> \n\t<\/div>\n\t<\/div> \n\n\t<div  class=\"vc_col-sm-3 wpb_column column_container vc_column_container col child_column has-animation no-extra-padding inherit_tablet inherit_phone\"   data-padding-pos=\"all\" data-has-bg-color=\"false\" data-bg-color=\"\" data-bg-opacity=\"1\" data-animation=\"grow-in\" data-delay=\"0\" >\n\t\t<div class=\"vc_column-inner\" >\n\t\t<div class=\"wpb_wrapper\">\n\t\t\t<div class=\"team-member\" role=\"button\" tabindex=\"0\" data-style=\"bio_fullscreen\"><div class=\"team-member-image\"><div class=\"team-member-image-inner\"><img loading=\"lazy\" decoding=\"async\" src=\"https:\/\/www.inalog.org.uy\/wp-content\/uploads\/2025\/08\/319d328c-dd89-4c7a-9a76-952670937464gggg-500x500.jpg\" width=\"500\" height=\"500\" alt=\"\" \/><\/div><\/div><div class=\"team-member-overlay\"><\/div>\n    <div class=\"team-meta\"><h3>MAG. NATALIA MOTTILLO<\/h3><p>Head of Communications<\/p><div class=\"arrow-end fa fa-angle-right\"><\/div><div class=\"arrow-line\"><\/div><\/div>\n    <div class=\"nectar_team_bio_img\" data-img-src=\"https:\/\/www.inalog.org.uy\/wp-content\/uploads\/2025\/08\/319d328c-dd89-4c7a-9a76-952670937464gggg-scaled.jpg\"><\/div>\n    <div class=\"nectar_team_bio\"><p class=\"staff-member-bio\">Natalia has a Degree in Social Communications with emphasis in Organization, graduated from Universidad Cat\u00f3lica del Uruguay (UCU). She holds a Master\u2019s Degree in Communication Management from Universidad de Montevideo\u00a0(UM).<\/p>\n<p>She previously worked in private companies, in client monitoring, corporate social responsibility, advertising management and commercial agreements, organization of trade shows and executive seminars. She also acted as internal and external consultant for several firms.<\/p>\n<p>Email:<a class=\"staff-member-email\" title=\"Email LIC. NATALIA MOTTILLO\" href=\"mailto:natalia.mottillo@inalog.org.uy\">natalia.mottillo@inalog.org.uy<\/a><\/p>\n<div class=\"bottom_meta\"><\/div><\/div>\n    <\/div>\n\t\t<\/div> \n\t<\/div>\n\t<\/div> \n\n\t<div  class=\"vc_col-sm-3 wpb_column column_container vc_column_container col child_column has-animation no-extra-padding inherit_tablet inherit_phone\"   data-padding-pos=\"all\" data-has-bg-color=\"false\" data-bg-color=\"\" data-bg-opacity=\"1\" data-animation=\"grow-in\" data-delay=\"0\" >\n\t\t<div class=\"vc_column-inner\" >\n\t\t<div class=\"wpb_wrapper\">\n\t\t\t<div class=\"team-member\" role=\"button\" tabindex=\"0\" data-style=\"bio_fullscreen\"><div class=\"team-member-image\"><div class=\"team-member-image-inner\"><img loading=\"lazy\" decoding=\"async\" src=\"https:\/\/www.inalog.org.uy\/wp-content\/uploads\/2025\/10\/LIC.-PAULINA-CINGIA.jpg\" width=\"500\" height=\"500\" alt=\"\" \/><\/div><\/div><div class=\"team-member-overlay\"><\/div>\n    <div class=\"team-meta\"><h3>LIC. PAULINA CINGIA<\/h3><p>Communications Analyst<\/p><div class=\"arrow-end fa fa-angle-right\"><\/div><div class=\"arrow-line\"><\/div><\/div>\n    <div class=\"nectar_team_bio_img\" data-img-src=\"https:\/\/www.inalog.org.uy\/wp-content\/uploads\/2025\/10\/LIC.-PAULINA-CINGIA.jpg\"><\/div>\n    <div class=\"nectar_team_bio\"><p class=\"staff-member-bio\">Paulina has a Degree in Communications with emphasis in Publicity and Organization, graduated from\u00a0Universidad de la Rep\u00fablica (UDELAR).<\/p>\n<p class=\"staff-member-bio\">She previously worked as Assistant since September 2016.<\/p>\n<p>Email:<a class=\"staff-member-email\" title=\"Email LIC. PAULINA CINGIA\" href=\"mailto:paulina.cingia@inalog.org.uy\">paulina.cingia@inalog.org.uy<\/a><\/p>\n<div class=\"bottom_meta\"><\/div><\/div>\n    <\/div>\n\t\t<\/div> \n\t<\/div>\n\t<\/div> \n\n\t<div  class=\"vc_col-sm-3 wpb_column column_container vc_column_container col child_column has-animation no-extra-padding inherit_tablet inherit_phone\"   data-padding-pos=\"all\" data-has-bg-color=\"false\" data-bg-color=\"\" data-bg-opacity=\"1\" data-animation=\"grow-in\" data-delay=\"0\" >\n\t\t<div class=\"vc_column-inner\" >\n\t\t<div class=\"wpb_wrapper\">\n\t\t\t<div class=\"team-member\" role=\"button\" tabindex=\"0\" data-style=\"bio_fullscreen\"><div class=\"team-member-image\"><div class=\"team-member-image-inner\"><img loading=\"lazy\" decoding=\"async\" src=\"https:\/\/www.inalog.org.uy\/wp-content\/uploads\/2025\/10\/ING.-MARIA-EUGENIA-CARDOZO.jpg\" width=\"500\" height=\"500\" alt=\"\" \/><\/div><\/div><div class=\"team-member-overlay\"><\/div>\n    <div class=\"team-meta\"><h3>ING. MAR\u00cdA EUGENIA CARDOZO<\/h3><p>Head of Engineering &amp; Technology<\/p><div class=\"arrow-end fa fa-angle-right\"><\/div><div class=\"arrow-line\"><\/div><\/div>\n    <div class=\"nectar_team_bio_img\" data-img-src=\"https:\/\/www.inalog.org.uy\/wp-content\/uploads\/2025\/10\/ING.-MARIA-EUGENIA-CARDOZO.jpg\"><\/div>\n    <div class=\"nectar_team_bio\"><p class=\"staff-member-bio\">Maria Eugenia has a Degree on Civil Engineer graduated from\u00a0Universidad de la Rep\u00fablica (UDELAR). She has an specialization in Transportation Policy and Planning of\u00a0Universidad de San Martin.<\/p>\n<p>She worked as Transport Specialist since may 2015. Additionally she worked from 2010 to 2015 in the National Logistics Planning at the Ministry of Transport and Public Works, working as a consultant in the design, implementation, and monitoring of jobs in the area of transport and logistics.<\/p>\n<p>Email:<a class=\"staff-member-email\" title=\"Email ING. MAR\u00cdA EUGENIA CARDOZO\" href=\"mailto:mariaeugenia.cardozo@inalog.org.uy\">mariaeugenia.cardozo@inalog.org.uy<\/a><\/p>\n<div class=\"bottom_meta\"><\/div><\/div>\n    <\/div>\n\t\t<\/div> \n\t<\/div>\n\t<\/div> \n<\/div><\/div><div id=\"fws_69e33eefcd292\" data-midnight=\"\" data-column-margin=\"default\" class=\"wpb_row vc_row-fluid vc_row inner_row\"  style=\"\"><div class=\"row-bg-wrap\"> <div class=\"row-bg\" ><\/div> <\/div><div class=\"row_col_wrap_12_inner col span_12  left\">\n\t<div  class=\"vc_col-sm-3 wpb_column column_container vc_column_container col child_column has-animation no-extra-padding inherit_tablet inherit_phone\"   data-padding-pos=\"all\" data-has-bg-color=\"false\" data-bg-color=\"\" data-bg-opacity=\"1\" data-animation=\"grow-in\" data-delay=\"0\" >\n\t\t<div class=\"vc_column-inner\" >\n\t\t<div class=\"wpb_wrapper\">\n\t\t\t<div class=\"team-member\" role=\"button\" tabindex=\"0\" data-style=\"bio_fullscreen\"><div class=\"team-member-image\"><div class=\"team-member-image-inner\"><img loading=\"lazy\" decoding=\"async\" src=\"https:\/\/www.inalog.org.uy\/wp-content\/uploads\/2025\/11\/INALOG-15-Anos-49-500x500.jpg\" width=\"500\" height=\"500\" alt=\"\" \/><\/div><\/div><div class=\"team-member-overlay\"><\/div>\n    <div class=\"team-meta\"><h3>ING. LORENA MART\u00cdNEZ<\/h3><p>Engineering &amp; Technology Analyst II<\/p><div class=\"arrow-end fa fa-angle-right\"><\/div><div class=\"arrow-line\"><\/div><\/div>\n    <div class=\"nectar_team_bio_img\" data-img-src=\"https:\/\/www.inalog.org.uy\/wp-content\/uploads\/2025\/11\/INALOG-15-Anos-49-scaled.jpg\"><\/div>\n    <div class=\"nectar_team_bio\"><p>Lorena has a Degree on Industrial Production Engineering at Universidad de la Rep\u00fablica (UDELAR).<\/p>\n<p>She previously worked as Analyst since May 2018.She previously worked as an intern in a company that provides engineering services.<\/p>\n<p>Email:<a href=\"mailto:lorena.martinez@inalog.org.uy\">lorena.martinez@inalog.org.uy<\/a><\/p>\n<div class=\"bottom_meta\"><\/div><\/div>\n    <\/div>\n\t\t<\/div> \n\t<\/div>\n\t<\/div> \n\n\t<div  class=\"vc_col-sm-3 wpb_column column_container vc_column_container col child_column has-animation no-extra-padding inherit_tablet inherit_phone\"   data-padding-pos=\"all\" data-has-bg-color=\"false\" data-bg-color=\"\" data-bg-opacity=\"1\" data-animation=\"grow-in\" data-delay=\"0\" >\n\t\t<div class=\"vc_column-inner\" >\n\t\t<div class=\"wpb_wrapper\">\n\t\t\t<div class=\"team-member\" role=\"button\" tabindex=\"0\" data-style=\"bio_fullscreen\"><div class=\"team-member-image\"><div class=\"team-member-image-inner\"><img loading=\"lazy\" decoding=\"async\" src=\"https:\/\/www.inalog.org.uy\/wp-content\/uploads\/2025\/11\/INALOG-15-Anos-31-500x500.jpg\" width=\"500\" height=\"500\" alt=\"\" \/><\/div><\/div><div class=\"team-member-overlay\"><\/div>\n    <div class=\"team-meta\"><h3>MAG. GIORGINA SILVOTTI<\/h3><p>Economics and Information Specialist<\/p><div class=\"arrow-end fa fa-angle-right\"><\/div><div class=\"arrow-line\"><\/div><\/div>\n    <div class=\"nectar_team_bio_img\" data-img-src=\"https:\/\/www.inalog.org.uy\/wp-content\/uploads\/2025\/11\/INALOG-15-Anos-31-scaled.jpg\"><\/div>\n    <div class=\"nectar_team_bio\"><p class=\"staff-member-bio\">Giorgina has a Degree in Economics, graduated from\u00a0Universidad de Montevideo (UM). She holds a Master\u2019s degree in Economics from that University.<\/p>\n<p>She previously worked as Analyst and Analyst II since November 2016. Additionally, she worked in Instituto Nacional de Estad\u00edstica\u00a0(INE) as a Statistics Critic analyzing economic variables by activity sectors used in the generation of the national accounts.<\/p>\n<p>Email:<a class=\"staff-member-email\" title=\"Email EC. GIORGINA SILVOTTI\" href=\"mailto:giorgina.silvotti@inalog.org.uy\">giorgina.silvotti@inalog.org.uy<\/a><\/p>\n<div class=\"bottom_meta\"><\/div><\/div>\n    <\/div>\n\t\t<\/div> \n\t<\/div>\n\t<\/div> \n\n\t<div  class=\"vc_col-sm-3 wpb_column column_container vc_column_container col child_column has-animation no-extra-padding inherit_tablet inherit_phone\"   data-padding-pos=\"all\" data-has-bg-color=\"false\" data-bg-color=\"\" data-bg-opacity=\"1\" data-animation=\"grow-in\" data-delay=\"0\" >\n\t\t<div class=\"vc_column-inner\" >\n\t\t<div class=\"wpb_wrapper\">\n\t\t\t<div class=\"team-member\" role=\"button\" tabindex=\"0\" data-style=\"bio_fullscreen\"><div class=\"team-member-image\"><div class=\"team-member-image-inner\"><img loading=\"lazy\" decoding=\"async\" src=\"https:\/\/www.inalog.org.uy\/wp-content\/uploads\/2025\/11\/INALOG-15-Anos-50-500x500.jpg\" width=\"500\" height=\"500\" alt=\"\" \/><\/div><\/div><div class=\"team-member-overlay\"><\/div>\n    <div class=\"team-meta\"><h3>CR. FABRICIO BELZA<\/h3><p>Economics and Information Analyst<\/p><div class=\"arrow-end fa fa-angle-right\"><\/div><div class=\"arrow-line\"><\/div><\/div>\n    <div class=\"nectar_team_bio_img\" data-img-src=\"https:\/\/www.inalog.org.uy\/wp-content\/uploads\/2025\/11\/INALOG-15-Anos-50-scaled.jpg\"><\/div>\n    <div class=\"nectar_team_bio\"><p class=\"staff-member-bio\">Fabricio is a Certified Public Accountant, graduated from\u00a0Universidad de la Rep\u00fablica\u00a0(UDELAR).<\/p>\n<p>He previously worked as administration responsable in a private company\u00a0performing in billing tasks, reports,\u00a0suppliers payment\u00a0and accounting programs management.<\/p>\n<p>Email:<a href=\"mailto:fabricio.belza@inalog.org.uy\">fabricio.belza@inalog.org.uy<\/a><\/p>\n<div class=\"bottom_meta\"><\/div><\/div>\n    <\/div>\n\t\t<\/div> \n\t<\/div>\n\t<\/div> \n\n\t<div  class=\"vc_col-sm-3 wpb_column column_container vc_column_container col child_column has-animation no-extra-padding inherit_tablet inherit_phone\"   data-padding-pos=\"all\" data-has-bg-color=\"false\" data-bg-color=\"\" data-bg-opacity=\"1\" data-animation=\"grow-in\" data-delay=\"0\" >\n\t\t<div class=\"vc_column-inner\" >\n\t\t<div class=\"wpb_wrapper\">\n\t\t\t<div class=\"team-member\" role=\"button\" tabindex=\"0\" data-style=\"bio_fullscreen\"><div class=\"team-member-image\"><div class=\"team-member-image-inner\"><img loading=\"lazy\" decoding=\"async\" src=\"https:\/\/www.inalog.org.uy\/wp-content\/uploads\/2025\/10\/MARIA-FLORENCIA-ROMERO.jpg\" width=\"500\" height=\"500\" alt=\"\" \/><\/div><\/div><div class=\"team-member-overlay\"><\/div>\n    <div class=\"team-meta\"><h3>MAR\u00cdA FLORENCIA ROMERO<\/h3><p>Economics and Information Assistant<\/p><div class=\"arrow-end fa fa-angle-right\"><\/div><div class=\"arrow-line\"><\/div><\/div>\n    <div class=\"nectar_team_bio_img\" data-img-src=\"https:\/\/www.inalog.org.uy\/wp-content\/uploads\/2025\/10\/MARIA-FLORENCIA-ROMERO.jpg\"><\/div>\n    <div class=\"nectar_team_bio\"><p>Florencia is a student of the Bachelor of Economics at the University of the Republic (UDELAR).<\/p>\n<p>Previously, she worked as a Financial Administrator in a private portfolio management company, carrying out financial reports and studying product performance.<\/p>\n<p>Email:<a href=\"mailto:mariaflorencia.romero@inalog.org.uy\">mariaflorencia.romero@inalog.org.uy<\/a><\/p>\n<div class=\"bottom_meta\"><\/div><\/div>\n    <\/div>\n\t\t<\/div> \n\t<\/div>\n\t<\/div> \n<\/div><\/div>\n\t\t\t<\/div> \n\t\t<\/div>\n\t<\/div> \n<\/div><\/div>","protected":false},"excerpt":{"rendered":"COMPOSITION OF THE TEAM LIC. EMILIO RIVEROGeneral manager Emilio has a Degree on International Studies graduated from the Faculty of Social Sciences of Universidad ORT Uruguay.He previously worked as Head...","protected":false},"author":1,"featured_media":0,"parent":0,"menu_order":0,"comment_status":"closed","ping_status":"closed","template":"","meta":{"inline_featured_image":false,"footnotes":""},"tags":[],"class_list":["post-17805","page","type-page","status-publish"],"_links":{"self":[{"href":"https:\/\/www.inalog.org.uy\/en\/wp-json\/wp\/v2\/pages\/17805","targetHints":{"allow":["GET"]}}],"collection":[{"href":"https:\/\/www.inalog.org.uy\/en\/wp-json\/wp\/v2\/pages"}],"about":[{"href":"https:\/\/www.inalog.org.uy\/en\/wp-json\/wp\/v2\/types\/page"}],"author":[{"embeddable":true,"href":"https:\/\/www.inalog.org.uy\/en\/wp-json\/wp\/v2\/users\/1"}],"replies":[{"embeddable":true,"href":"https:\/\/www.inalog.org.uy\/en\/wp-json\/wp\/v2\/comments?post=17805"}],"version-history":[{"count":9,"href":"https:\/\/www.inalog.org.uy\/en\/wp-json\/wp\/v2\/pages\/17805\/revisions"}],"predecessor-version":[{"id":20297,"href":"https:\/\/www.inalog.org.uy\/en\/wp-json\/wp\/v2\/pages\/17805\/revisions\/20297"}],"wp:attachment":[{"href":"https:\/\/www.inalog.org.uy\/en\/wp-json\/wp\/v2\/media?parent=17805"}],"wp:term":[{"taxonomy":"post_tag","embeddable":true,"href":"https:\/\/www.inalog.org.uy\/en\/wp-json\/wp\/v2\/tags?post=17805"}],"curies":[{"name":"wp","href":"https:\/\/api.w.org\/{rel}","templated":true}]}}